{"id":61,"date":"2021-02-02T13:15:02","date_gmt":"2021-02-02T12:15:02","guid":{"rendered":"http:\/\/127.0.0.1\/wordpress\/?page_id=61"},"modified":"2024-02-08T14:29:25","modified_gmt":"2024-02-08T13:29:25","slug":"quienes-somos","status":"publish","type":"page","link":"https:\/\/iavis.uv.es\/index.php\/quienes-somos\/","title":{"rendered":"\u00bfQui\u00e9nes somos?"},"content":{"rendered":"\n<link rel=\"stylesheet\" href=\"https:\/\/maxcdn.bootstrapcdn.com\/bootstrap\/4.0.0\/css\/bootstrap.min.css\">\n\n\n\n<style>\n.card{\n    box-shadow: 0px 0px 10px lightgrey;\nmargin-top:15px;\nmax-height: 420px;\nmin-height:420px;\n}\n\na {color: #000000;}\n\nh1, h2 {\n    font-size: 1.5rem;\n}\n\n.text-divider{margin: 2em 0; line-height: 0; text-align: center;}\n.text-divider span{background-color: #ffffff; padding: 1em;}\n.text-divider:before{ content: \" \"; display: block; border-top: 1px solid #e3e3e3; border-bottom: 1px solid #f7f7f7;}\n\n@media(min-width: 600px)\n{\n::-webkit-scrollbar\n    {\n        width:0px;\n    }\n    ::-webkit-scrollbar-track-piece\n    {\n        background-color: transparent;\n    }\n}\n@media (max-width: 600px) {\n.card {width: 80vw;}\n}\n\n<\/style>\n\n\n\n<div class=\"card-deck\">\n<div class=\"row align-items-start\">\n    <div class=\"col\">\n    <div id=\"0\" class=\"card\" style=\"background-color: rgba(65, 165, 220, 0.2)\">\n  <img decoding=\"async\" class=\"card-img-top\" src=\"https:\/\/iavis.uv.es\/wp-content\/uploads\/quienessomos\/JuanCarlosCaballero.png\" alt=\"Card image cap\" style=\"opacity: 0.8;\">\n  <div class=\"card-body\">\n    <h2 class=\"card-title\">Juan Carlos Caballero<\/h2>\n    <p class=\"card-text\" style=\"font-size: 15px;\">Concejal de Transparencia, Informaci\u00f3n y Defensa de la ciudadan\u00eda<\/p>\n      <div id=\"info0\" class=\"card-img-overlay\" style=\"opacity: 0;\">\n          <p id=\"cardtextinfo1\" class=\"card-text\"><b>Juan Carlos Caballero<\/b><brConcejal de Transparencia, Informaci\u00f3n y Defensa de la ciudadan\u00eda<br><br><\/p>\n  <\/div>\n  <\/div>\n<\/div>\n    <\/div>\n\n    <div class=\"col\">\n<div id=\"1\" class=\"card\" style=\"background-color: rgba(65, 165, 220, 0.2)\">\n  <img decoding=\"async\" class=\"card-img-top\" src=\"https:\/\/iavis.uv.es\/wp-content\/uploads\/2023\/02\/RosaDonat.jpg\" alt=\"Card image cap\" style=\"opacity: 0.8;\">\n  <div class=\"card-body\">\n    <h2 class=\"card-title\">Rosa Mar\u00eda Donat Beneito<\/h2>\n    <p class=\"card-text\" style=\"font-size: 15px;\">Vicerrectora de Innovaci\u00f3n y Transferencia de la Universitat de Val\u00e8ncia. <br> Miembro de la comisi\u00f3n mixta de la C\u00e1tedra<\/p>\n      <div id=\"info1\" class=\"card-img-overlay\" style=\"opacity: 0;\">\n          <p id=\"cardtextinfo2\" class=\"card-text\"><b>Rosa Mar\u00eda Donat Beneito<\/b><br>Vicerrectora de Innovaci\u00f3n y Transparencia<br><br><\/p>\n  <\/div>\n  <\/div>\n<\/div>\n    <\/div>\n    <\/div>\n    <div class=\"row align-items-start\">\n        <div class=\"col\">\n<div id=\"2\" class=\"card\" style=\"  background-color: rgba(65, 165, 220, 0.2)\">\n  <img decoding=\"async\" class=\"card-img-top\" src=\"https:\/\/iavis.uv.es\/wp-content\/uploads\/quienessomos\/InmculadaComa.jpg\" alt=\"Card image cap\" style=\"opacity: 0.8;\">\n  <div class=\"card-body\">\n    <h2 class=\"card-title\">Inmaculada Coma Tatay<\/h2>\n    <p class=\"card-text\" style=\"font-size: 15px;\">Profesora Titular del Departamento de Inform\u00e1tica, Subdirectora ETSE-UV, Directora de la C\u00e1tedra<\/p>\n      <div id=\"info2\" class=\"card-img-overlay\" style=\"opacity: 0;\">\n          <p id=\"cardtextcard3\" class=\"card-text\"><b>Inmaculada Coma<\/b><br><\/p>\n  <\/div>\n  <\/div>\n<\/div>\n<\/div>\n<div class=\"col\">\n<div id=\"3\" class=\"card\" style=\"  background-color: rgba(65, 165, 220, 0.2)\">\n  <img decoding=\"async\" class=\"card-img-top\" src=\"https:\/\/iavis.uv.es\/wp-content\/uploads\/2023\/02\/Cristina2.jpg\" alt=\"Card image cap\" style=\"opacity: 0.8;\">\n  <div class=\"card-body\">\n    <h2 class=\"card-title\">Cristina Portal\u00e9s Ricart<\/h2>\n    <p class=\"card-text\" style=\"font-size: 15px;\">Investigadora Contratada Ramon y Cajal. Imparte docencia en el Grado en Ciencia de Datos. Miembro de la comisi\u00f3n mixta.<\/p>\n      <div id=\"info3\" class=\"card-img-overlay\" style=\"opacity: 0;\">\n          <p id=\"cardtextcard3\" class=\"card-text\"><b>Cristina Portal\u00e9s Ricart<\/b><br><\/p>\n  <\/div>\n  <\/div>\n<\/div>\n<\/div>\n    <\/div>\n            <div class=\"row align-items-start\">\n    \n        <div class=\"col\">\n    <div id=\"3\" class=\"card\" style=\"  background-color: rgba(65, 165, 220, 0.2)\">\n  <img decoding=\"async\" class=\"card-img-top\" src=\"https:\/\/iavis.uv.es\/wp-content\/uploads\/quienessomos\/MarCatedra.jpeg\" alt=\"Card image cap\" style=\"opacity: 0.8;\">\n  <div class=\"card-body\">\n    <h2 class=\"card-title\">Mar Correcher Rigau<\/h2>\n    <p class=\"card-text\" style=\"font-size: 15px;\">Jefa de Servicio de Transparencia, Informaci\u00f3n y Defensa de la Ciudadan\u00eda<\/p>\n      <div id=\"info3\" class=\"card-img-overlay\" style=\"opacity: 0;\">\n          <p id=\"cardtextcard3\" class=\"card-text\"><b><\/b><\/p>\n  <\/div>\n  <\/div>\n<\/div>\n<\/div>\n        \n                <div class=\"col\">\n    <div id=\"3\" class=\"card\" style=\"  background-color: rgba(65, 165, 220, 0.2)\">\n  <img decoding=\"async\" class=\"card-img-top\" src=\"https:\/\/iavis.uv.es\/wp-content\/uploads\/quienessomos\/PilarDelaTorre.jpg\" alt=\"Card image cap\" style=\"opacity: 0.8;\">\n  <div class=\"card-body\">\n    <h2 class=\"card-title\">Pilar de la Torre Forn\u00e9s<\/h2>\n    <p class=\"card-text\" style=\"font-size: 15px;\">Jefa de secci\u00f3n de Transparencia, Informaci\u00f3n y Defensa de la Ciudadan\u00eda<\/p>\n      <div id=\"info3\" class=\"card-img-overlay\" style=\"opacity: 0;\">\n          <p id=\"cardtextcard3\" class=\"card-text\"><b>Pilar de la Torre Forn\u00e9s<\/b><br><\/p>\n  <\/div>\n  <\/div>\n<\/div>\n<\/div>\n    <\/div>\n                <div class=\"row\">\n        <div class=\"col\">\n    <div id=\"3\" class=\"card\" style=\"  background-color: rgba(65, 165, 220, 0.2)\">\n  <img decoding=\"async\" class=\"card-img-top\" src=\"https:\/\/iavis.uv.es\/wp-content\/uploads\/quienessomos\/PabloMocholi.jpg\" alt=\"Card image cap\" style=\"opacity: 0.8;\">\n  <div class=\"card-body\">\n    <h2 class=\"card-title\">Pablo Mochol\u00ed<\/h2>\n    <p class=\"card-text\" style=\"font-size: 15px;\">Estudiante del grado en Ingenier\u00eda Multimedia (ETSE &#8211; UV)<\/p>\n      <div id=\"info3\" class=\"card-img-overlay\" style=\"opacity: 0;\">\n          <p id=\"cardtextcard3\" class=\"card-text\"><b>Silvia del Toro Tornero<\/b><br><br><br><\/p>\n  <\/div>\n  <\/div>\n<\/div>\n<\/div>\n                     <div class=\"col\" style=\"opacity: 0\">\n    <figure><img decoding=\"async\" class=\"card-img-top\" src=\"https:\/\/iavis.uv.es\/wp-content\/uploads\/2021\/07\/user.png\" alt=\"Card image cap\" style=\"opacity: 0.8;\"><\/figure>\n\t<div id=\"3\" class=\"card\" style=\"  background-color: rgb(233, 239, 230)\">\n  \n\t\t<div class=\"card-body\">\n\t\t<h2 class=\"card-title\"><\/h2>\n\t\t<p class=\"card-text\" style=\"font-size: 15px;\"><\/p>\n\t\t\t<div id=\"info3\" class=\"card-img-overlay\" style=\"opacity: 0;\">\n\t\t\t\t<p id=\"cardtextcard3\" class=\"card-text\"><b><\/b><br><br><br><\/p>\n\t\t\t<\/div>\n\t\t<\/div>\n\t<\/div>\n<\/div>  \n  <\/div>\n<\/div>\n\n\n\n<h2 class=\"wp-block-heading\"><span>Colaboran<\/span><\/h2>\n\n\n\n<div class=\"card-deck\">\n<div class=\"row align-items-start\">\n    <div class=\"col\">\n<div id=\"0\" class=\"card\" style=\"  background-color: rgb(233, 239, 230)\">\n  <img decoding=\"async\" class=\"card-img-top\" src=\"https:\/\/iavis.uv.es\/wp-content\/uploads\/2021\/07\/Grimaldo-1024x731.jpg\" alt=\"Card image cap\" style=\"opacity: 0.8;\">\n  <div class=\"card-body\">\n    <h2 class=\"card-title\">Francisco Grimaldo Moreno<\/h2>\n    <p class=\"card-text\" style=\"font-size: 15px;\">Profesor Titular del Departamento de Inform\u00e1tica, Subdirector ETSE-UV\n<\/p>\n      <div id=\"info0\" class=\"card-img-overlay\" style=\"opacity: 0;\">\n          <p id=\"cardtextinfo1\" class=\"card-text\"><b>Marcelino Mart\u00ednez Sober<\/b><br><br>aaaa<br><\/p>\n  <\/div>\n  <\/div>\n<\/div>\n    <\/div>\n    <div class=\"col\">\n<div id=\"1\" class=\"card\" style=\"  background-color: rgb(233, 239, 230)\">\n  <img decoding=\"async\" class=\"card-img-top\" src=\"https:\/\/iavis.uv.es\/wp-content\/uploads\/2021\/07\/Marcelino.png\" alt=\"Card image cap\" style=\"opacity: 0.8;\">\n  <div class=\"card-body\">\n    <h2 class=\"card-title\">Marcelino Mart\u00ednez Sober<\/h2>\n    <p class=\"card-text\" style=\"font-size: 15px;\">Catedr\u00e1tico del Departamento de Electr\u00f3nica ETSE-UV. Imparte docencia en el Grado en Ciencia de Datos. Coordinador del grado en Ciencia de Datos\n<\/p>\n      <div id=\"info1\" class=\"card-img-overlay\" style=\"opacity: 0;\">\n          <p id=\"cardtextinfo2\" class=\"card-text\"><b>Cristina Portal\u00e9s Ricart<\/b><br>Investigadora Contratada Ramon y Cajal. Imparte docencia en el Grado en Ciencia de Datos<br><br><\/p>\n  <\/div>\n  <\/div>\n<\/div>\n    <\/div>\n    <\/div>\n\t\n\t\n    <div class=\"row align-items-start\">\n         <div class=\"col\">\n    <div id=\"3\" class=\"card\" style=\"  background-color: rgb(233, 239, 230)\">\n  <img decoding=\"async\" class=\"card-img-top\" src=\"https:\/\/iavis.uv.es\/wp-content\/uploads\/2022\/03\/DaniGarcia_cropped-scaled.jpg\" alt=\"Card image cap\" style=\"opacity: 0.8;\">\n  <div class=\"card-body\">\n    <h2 class=\"card-title\"> Daniel Garc\u00eda Costa <\/h2>\n    <p class=\"card-text\" style=\"font-size: 15px;\"> Graduado en Ingenier\u00eda Multimedia\n<\/p>\n      <div id=\"info3\" class=\"card-img-overlay\" style=\"opacity: 0;\">\n          <p id=\"cardtextcard3\" class=\"card-text\"><b><\/b><br><br><br><\/p>\n  <\/div>\n  <\/div>\n<\/div>\n<\/div>  \n<div class=\"col\">\n<div id=\"3\" class=\"card\" style=\"  background-color: rgb(233, 239, 230)\">\n  <img decoding=\"async\" class=\"card-img-top\" src=\"https:\/\/iavis.uv.es\/wp-content\/uploads\/2021\/07\/user.png\" alt=\"Card image cap\" style=\"opacity: 0.8;\">\n  <div class=\"card-body\">\n    <h2 class=\"card-title\">Jes\u00fas Gimeno Sancho<\/h2>\n    <p class=\"card-text\" style=\"font-size: 15px;\">Profesor Ayudante Doctor del Departamento de Inform\u00e1tica (ETSE-UV). Imparte docencia en el Grado en Ingenier\u00eda Multimedia y el M\u00e1ster en TWCAM (ETSE-UV)\n<\/p>\n      <div id=\"info3\" class=\"card-img-overlay\" style=\"opacity: 0;\">\n          <p id=\"cardtextcard3\" class=\"card-text\"><b>Jes\u00fas Gimeno Sancho<\/b><br>Profesor Ayudante Doctor del Departamento de Inform\u00e1tica (ETSE-UV). Imparte docencia en el Grado en Ingenier\u00eda Multimedia y el M\u00e1ster en Tecnolog\u00edas Web, Aplicaciones M\u00f3viles y Computaci\u00f3n en la nube (ETSE-UV)<\/p>\n  <\/div>\n  <\/div>\n<\/div>\n<\/div>\n    <\/div>\n            \n            <div class=\"row align-items-start\">\n        <div class=\"col\">\n    <div id=\"3\" class=\"card\" style=\"  background-color: rgb(233, 239, 230)\">\n  <img decoding=\"async\" class=\"card-img-top\" src=\"https:\/\/iavis.uv.es\/wp-content\/uploads\/2021\/07\/Aixendri_cropped-1024x732.jpg\" alt=\"Card image cap\" style=\"opacity: 0.8;\">\n  <div class=\"card-body\">\n    <h2 class=\"card-title\">Manuel P\u00e9rez Aixendri<\/h2>\n    <p class=\"card-text\" style=\"font-size: 15px;\">Profesor Asociado del Departamento de Inform\u00e1tica (ETSE-UV). Imparte docencia en el Grado en Ingenier\u00eda Multimedia (ETSE-UV)\n<\/p>\n      <div id=\"info3\" class=\"card-img-overlay\" style=\"opacity: 0;\">\n          <p id=\"cardtextcard3\" class=\"card-text\"><b>Manuel P\u00e9rez Aixendri<\/b><br>Profesor Asociado del Departamento de Inform\u00e1tica. ETSE-UV Imparte docencia en el Grado en Ingenier\u00eda Multimedia (ETSE-UV)<br><br><\/p>\n  <\/div>\n  <\/div>\n<\/div>\n<\/div>\n<div id=\"1\" class=\"card\" style=\"  background-color: rgb(233, 239, 230)\">\n  <img decoding=\"async\" class=\"card-img-top\" src=\"https:\/\/iavis.uv.es\/wp-content\/uploads\/2022\/03\/EstherdeVes_cropped-scaled.jpg\" alt=\"Card image cap\" style=\"opacity: 0.8;\">\n  <div class=\"card-body\">\n    <h2 class=\"card-title\">Esther de Ves Cuenca<\/h2>\n    <p class=\"card-text\" style=\"font-size: 15px;\">Profesora Titular del Departamento de Inform\u00e1tica.\n<\/p>\n      <div id=\"info1\" class=\"card-img-overlay\" style=\"opacity: 0;\">\n          <p id=\"cardtextinfo2\" class=\"card-text\"><b>Esther de Ves Cuenca<\/b><br>Profesora Titular del Departamento de Inform\u00e1tica.<br><br><\/p>\n  <\/div>\n  <\/div>\n<\/div>\n    <\/div>  \n    <\/div>\n <div class=\"row align-items-start\">\n        <div class=\"col\">\n    <div id=\"3\" class=\"card\" style=\"  background-color: rgb(233, 239, 230)\">\n   <img decoding=\"async\" class=\"card-img-top\" src=\"https:\/\/iavis.uv.es\/wp-content\/uploads\/2022\/03\/Foto_Emilia_Lopez_cropped.jpg\" alt=\"Card image cap\" style=\"opacity: 0.8;\">\n  <div class=\"card-body\">\n    <h2 class=\"card-title\">Emilia L\u00f3pez I\u00f1esta<\/h2>\n    <p class=\"card-text\" style=\"font-size: 15px;\">Profesora del Departamento de Did\u00e1ctica de la Matem\u00e1tica\n<\/p>\n      <div id=\"info3\" class=\"card-img-overlay\" style=\"opacity: 0;\">\n          <p id=\"cardtextcard3\" class=\"card-text\"><b>Emilia L\u00f3pez I\u00f1esta<\/b><br>Profesora del Departamento de Did\u00e1ctica de la Matem\u00e1tica<br><br><\/p>\n  <\/div>\n  <\/div>\n<\/div>\n<\/div>\n        <div class=\"col\">\n    <div id=\"3\" class=\"card\" style=\"  background-color: rgb(233, 239, 230)\">\n   <img decoding=\"async\" class=\"card-img-top\" src=\"https:\/\/iavis.uv.es\/wp-content\/uploads\/2021\/07\/user.png\" alt=\"Card image cap\" style=\"opacity: 0.8;\">\n  <div class=\"card-body\">\n    <h2 class=\"card-title\">Vicente Cerver\u00f3n LLeo<\/h2>\n    <p class=\"card-text\" style=\"font-size: 15px;\">Profesor Titular del Departamento de Inform\u00e1tica.\n<\/p>\n      <div id=\"info3\" class=\"card-img-overlay\" style=\"opacity: 0;\">\n          <p id=\"cardtextcard3\" class=\"card-text\"><b>Vicente Cerver\u00f3n LLeo<\/b><br>Profesor Titular del Departamento de Inform\u00e1tica.<br><br><\/p>\n  <\/div>\n  <\/div>\n<\/div>\n<\/div>\n\t\n    <\/div><!--fin row-->\n\t\n\t\n    <\/div>\n\n\n\n<p><\/p>\n","protected":false},"excerpt":{"rendered":"<p>Juan Carlos Caballero Concejal de Transparencia, Informaci\u00f3n y Defensa de la ciudadan\u00eda Juan Carlos Caballero<\/p>\n","protected":false},"author":1,"featured_media":0,"parent":0,"menu_order":0,"comment_status":"closed","ping_status":"closed","template":"","meta":{"sfsi_plus_gutenberg_text_before_share":"","sfsi_plus_gutenberg_show_text_before_share":"","sfsi_plus_gutenberg_icon_type":"","sfsi_plus_gutenberg_icon_alignemt":"","sfsi_plus_gutenburg_max_per_row":"","_monsterinsights_skip_tracking":false,"_monsterinsights_sitenote_active":false,"_monsterinsights_sitenote_note":"","_monsterinsights_sitenote_category":0,"footnotes":""},"class_list":["post-61","page","type-page","status-publish","hentry"],"aioseo_notices":[],"_links":{"self":[{"href":"https:\/\/iavis.uv.es\/index.php\/wp-json\/wp\/v2\/pages\/61","targetHints":{"allow":["GET"]}}],"collection":[{"href":"https:\/\/iavis.uv.es\/index.php\/wp-json\/wp\/v2\/pages"}],"about":[{"href":"https:\/\/iavis.uv.es\/index.php\/wp-json\/wp\/v2\/types\/page"}],"author":[{"embeddable":true,"href":"https:\/\/iavis.uv.es\/index.php\/wp-json\/wp\/v2\/users\/1"}],"replies":[{"embeddable":true,"href":"https:\/\/iavis.uv.es\/index.php\/wp-json\/wp\/v2\/comments?post=61"}],"version-history":[{"count":172,"href":"https:\/\/iavis.uv.es\/index.php\/wp-json\/wp\/v2\/pages\/61\/revisions"}],"predecessor-version":[{"id":1570,"href":"https:\/\/iavis.uv.es\/index.php\/wp-json\/wp\/v2\/pages\/61\/revisions\/1570"}],"wp:attachment":[{"href":"https:\/\/iavis.uv.es\/index.php\/wp-json\/wp\/v2\/media?parent=61"}],"curies":[{"name":"wp","href":"https:\/\/api.w.org\/{rel}","templated":true}]}}