{"id":58,"date":"2021-02-02T13:14:16","date_gmt":"2021-02-02T12:14:16","guid":{"rendered":"http:\/\/127.0.0.1\/wordpress\/?page_id=58"},"modified":"2024-02-08T13:42:45","modified_gmt":"2024-02-08T12:42:45","slug":"proyectos","status":"publish","type":"page","link":"https:\/\/iavis.uv.es\/index.php\/proyectos\/","title":{"rendered":"Actividades"},"content":{"rendered":"\n<p>Las actividades de difusi\u00f3n la c\u00e1tedra est\u00e1n orientadas a la promoci\u00f3n y desarrollo de ideas  entre las que se incluir\u00e1:<\/p>\n\n\n\n<ul class=\"wp-block-list\">\n<li>Colaboraci\u00f3n en proyectos con tem\u00e1ticas afines a la c\u00e1tedra.<\/li>\n\n\n\n<li>Elaboraci\u00f3n de informes y propuestas<\/li>\n\n\n\n<li>Creaci\u00f3n de prototipos y desarrollos tecnol\u00f3gicos<\/li>\n\n\n\n<li>Charlas y jornadas de divulgaci\u00f3n relacionadas con las tem\u00e1ticas de la c\u00e1tedra<\/li>\n<\/ul>\n","protected":false},"excerpt":{"rendered":"<p>Las actividades de difusi\u00f3n la c\u00e1tedra est\u00e1n orientadas a la promoci\u00f3n y desarrollo de ideas entre las que se incluir\u00e1:<\/p>\n","protected":false},"author":1,"featured_media":0,"parent":0,"menu_order":0,"comment_status":"closed","ping_status":"closed","template":"","meta":{"sfsi_plus_gutenberg_text_before_share":"","sfsi_plus_gutenberg_show_text_before_share":"","sfsi_plus_gutenberg_icon_type":"","sfsi_plus_gutenberg_icon_alignemt":"","sfsi_plus_gutenburg_max_per_row":"","_monsterinsights_skip_tracking":false,"_monsterinsights_sitenote_active":false,"_monsterinsights_sitenote_note":"","_monsterinsights_sitenote_category":0,"footnotes":""},"class_list":["post-58","page","type-page","status-publish","hentry"],"aioseo_notices":[],"_links":{"self":[{"href":"https:\/\/iavis.uv.es\/index.php\/wp-json\/wp\/v2\/pages\/58","targetHints":{"allow":["GET"]}}],"collection":[{"href":"https:\/\/iavis.uv.es\/index.php\/wp-json\/wp\/v2\/pages"}],"about":[{"href":"https:\/\/iavis.uv.es\/index.php\/wp-json\/wp\/v2\/types\/page"}],"author":[{"embeddable":true,"href":"https:\/\/iavis.uv.es\/index.php\/wp-json\/wp\/v2\/users\/1"}],"replies":[{"embeddable":true,"href":"https:\/\/iavis.uv.es\/index.php\/wp-json\/wp\/v2\/comments?post=58"}],"version-history":[{"count":7,"href":"https:\/\/iavis.uv.es\/index.php\/wp-json\/wp\/v2\/pages\/58\/revisions"}],"predecessor-version":[{"id":1124,"href":"https:\/\/iavis.uv.es\/index.php\/wp-json\/wp\/v2\/pages\/58\/revisions\/1124"}],"wp:attachment":[{"href":"https:\/\/iavis.uv.es\/index.php\/wp-json\/wp\/v2\/media?parent=58"}],"curies":[{"name":"wp","href":"https:\/\/api.w.org\/{rel}","templated":true}]}}