{"id":24,"date":"2021-02-01T15:03:57","date_gmt":"2021-02-01T14:03:57","guid":{"rendered":"http:\/?page_id=2"},"modified":"2021-04-01T15:42:09","modified_gmt":"2021-04-01T13:42:09","slug":"formacion","status":"publish","type":"page","link":"https:\/\/iavis.uv.es\/index.php\/formacion\/","title":{"rendered":"Formaci\u00f3n"},"content":{"rendered":"\n<p>Entre nuestras actividades de formaci\u00f3n estar\u00e1n las siguientes:<\/p>\n\n\n\n<ul class=\"wp-block-list\"><li>Participaci\u00f3n en cursos de formaci\u00f3n orientados a personal del Ajuntament de Val\u00e8ncia<\/li><li>Actividades de formaci\u00f3n para estudiantes de grado y m\u00e1ster de la Universitat de Val\u00e8ncia<\/li><li>Fomento del desarrollo de trabajos fin de grado y m\u00e1ster de estudiantes de la Universitat de Val\u00e8ncia.<\/li><li>Organizaci\u00f3n de charlas y seminarios. <\/li><li>Participaci\u00f3n en congresos.<\/li><li><a href=\"https:\/\/iavis.uv.es\/index.php\/2021\/02\/25\/premio-a-la-iavis-de-la-ciudad-de-valencia\/\" title=\"Premio a la LUDIFICACI\u00d3N DE LA CIUDAD DE VALENCIA\">Concursos<\/a> <a href=\"https:\/\/iavis.uv.es\/index.php\/2021\/02\/25\/premio-a-la-visualizacion-de-datos-de-la-ciudad-de-valencia\/\" title=\"Premio A LA VISUALIZACI\u00d3N DE DATOS DE LA CIUDAD DE VALENCIA\">y premios<\/a> para estudiantes<\/li><\/ul>\n","protected":false},"excerpt":{"rendered":"<p>Entre nuestras actividades de formaci\u00f3n estar\u00e1n las siguientes: Participaci\u00f3n en cursos de formaci\u00f3n orientados a personal del Ajuntament de Val\u00e8ncia Actividades de formaci\u00f3n para estudiantes de grado y m\u00e1ster de la Universitat de Val\u00e8ncia Fomento del desarrollo de trabajos fin de grado y m\u00e1ster de estudiantes de la Universitat de Val\u00e8ncia. Organizaci\u00f3n de charlas y &hellip; <\/p>\n<p class=\"link-more\"><a href=\"https:\/\/iavis.uv.es\/index.php\/formacion\/\" class=\"more-link\">Continuar leyendo<span class=\"screen-reader-text\"> \u00abFormaci\u00f3n\u00bb<\/span><\/a><\/p>\n","protected":false},"author":1,"featured_media":0,"parent":0,"menu_order":0,"comment_status":"closed","ping_status":"closed","template":"","meta":{"sfsi_plus_gutenberg_text_before_share":"","sfsi_plus_gutenberg_show_text_before_share":"","sfsi_plus_gutenberg_icon_type":"","sfsi_plus_gutenberg_icon_alignemt":"","sfsi_plus_gutenburg_max_per_row":"","_monsterinsights_skip_tracking":false,"_monsterinsights_sitenote_active":false,"_monsterinsights_sitenote_note":"","_monsterinsights_sitenote_category":0,"footnotes":""},"class_list":["post-24","page","type-page","status-publish","hentry"],"aioseo_notices":[],"_links":{"self":[{"href":"https:\/\/iavis.uv.es\/index.php\/wp-json\/wp\/v2\/pages\/24","targetHints":{"allow":["GET"]}}],"collection":[{"href":"https:\/\/iavis.uv.es\/index.php\/wp-json\/wp\/v2\/pages"}],"about":[{"href":"https:\/\/iavis.uv.es\/index.php\/wp-json\/wp\/v2\/types\/page"}],"author":[{"embeddable":true,"href":"https:\/\/iavis.uv.es\/index.php\/wp-json\/wp\/v2\/users\/1"}],"replies":[{"embeddable":true,"href":"https:\/\/iavis.uv.es\/index.php\/wp-json\/wp\/v2\/comments?post=24"}],"version-history":[{"count":5,"href":"https:\/\/iavis.uv.es\/index.php\/wp-json\/wp\/v2\/pages\/24\/revisions"}],"predecessor-version":[{"id":524,"href":"https:\/\/iavis.uv.es\/index.php\/wp-json\/wp\/v2\/pages\/24\/revisions\/524"}],"wp:attachment":[{"href":"https:\/\/iavis.uv.es\/index.php\/wp-json\/wp\/v2\/media?parent=24"}],"curies":[{"name":"wp","href":"https:\/\/api.w.org\/{rel}","templated":true}]}}