{"id":1791,"date":"2025-07-08T13:26:04","date_gmt":"2025-07-08T11:26:04","guid":{"rendered":"https:\/\/iavis.uv.es\/?page_id=1791"},"modified":"2025-07-08T13:26:04","modified_gmt":"2025-07-08T11:26:04","slug":"la-falla-immaterial-2025","status":"publish","type":"page","link":"https:\/\/iavis.uv.es\/index.php\/la-falla-immaterial-2025\/","title":{"rendered":"La falla immaterial 2025"},"content":{"rendered":"\n<p>La\u00a0<strong>c\u00e1tedra IAVis<\/strong>\u00a0colabora un a\u00f1o m\u00e1s en el proyecto Falla Immaterial,  presentada al p\u00fablico el jueves 20 de febrero de 2024 en la Galer\u00eda Cuatro.<br>En esta novena edici\u00f3n la falla presenta una propuesta 9ART, que invita a participar en la construcci\u00f3n de una obra de arte digital cuyo valor de mercado surgir\u00e1 de la interacci\u00f3n entre personas y algoritmos de inteligencia artificial.<\/p>\n\n\n\n<p>El proyecto consiste en una instalaci\u00f3n multimedia e interactiva que nos invita a reflexionar sobre aquello a lo que damos valor individual y colectivo en la sociedad actual a trav\u00e9s de una creaci\u00f3n art\u00edstica interactiva. Un a policrom\u00eda evolutiva en forma de ret\u00edcula instalada en una pantalla digital, conectar\u00e1 las contribuciones de las personas participantes en una red din\u00e1mica de m\u00f3dulos crom\u00e1ticos. En la pantalla van apareciendo en forma de cuadr\u00edcula todas las obras de arte de las personas participantes, creando una nueva obra<br>conjunta.<\/p>\n\n\n\n<p>9ART parte de un lienzo digital en blanco de gran formato y se transforma mediante la aportaci\u00f3n de cada asistente, que proporciona su nombre y su firma. Un conjunto de algoritmos inteligentes utiliza esta informaci\u00f3n para generar una representaci\u00f3n gr\u00e1fica individual, que recibe un valor de mercado en funci\u00f3n de su presencia en redes sociales. Entonces, la instalaci\u00f3n permite la impresi\u00f3n de una sola copia de este cuadro virtual, que se convierte en una obra \u00fanica que pone en cuesti\u00f3n este valor supuestamente ficticio.<\/p>\n\n\n\n<p>Las creaciones individuales se combinan y se encajan en una policrom\u00eda colectiva compuesta de segmentos de colores que hacen mutar el lienzo digital en un compendio de todas las coautor\u00edas. Una personificaci\u00f3n ic\u00f3nica de la ciudadan\u00eda que da un valor homog\u00e9neo y unitario a todo aquel que contribuye. La acumulaci\u00f3n de estos importes a lo largo del tiempo que dura la exposici\u00f3n permite conferir a 9ART un valor de mercado supuestamente real.<\/p>\n\n\n\n<p>La participaci\u00f3n se ha hecho desde el QR ubicado en la galer\u00eda o entrando en la web fallaimmaterial.com<\/p>\n\n\n\n<p><a href=\"https:\/\/iavis.uv.es\/wp-content\/uploads\/2025\/07\/Informe_FallaImmaterial2025.pdf\" target=\"_blank\" rel=\"noopener\" title=\"\">La memoria del proyecto est\u00e1 disponible aqu\u00ed.<\/a><\/p>\n\n\n\n<p><\/p>\n","protected":false},"excerpt":{"rendered":"<p>La\u00a0c\u00e1tedra IAVis\u00a0colabora un a\u00f1o m\u00e1s en el proyecto Falla Immaterial, presentada al p\u00fablico el jueves 20 de febrero de 2024 en la Galer\u00eda Cuatro.En esta novena edici\u00f3n la falla presenta una propuesta 9ART, que invita a participar en la construcci\u00f3n de una obra de arte digital cuyo valor de mercado surgir\u00e1 de la interacci\u00f3n entre &hellip; <\/p>\n<p class=\"link-more\"><a href=\"https:\/\/iavis.uv.es\/index.php\/la-falla-immaterial-2025\/\" class=\"more-link\">Continuar leyendo<span class=\"screen-reader-text\"> \u00abLa falla immaterial 2025\u00bb<\/span><\/a><\/p>\n","protected":false},"author":1,"featured_media":0,"parent":0,"menu_order":0,"comment_status":"closed","ping_status":"closed","template":"","meta":{"sfsi_plus_gutenberg_text_before_share":"","sfsi_plus_gutenberg_show_text_before_share":"","sfsi_plus_gutenberg_icon_type":"","sfsi_plus_gutenberg_icon_alignemt":"","sfsi_plus_gutenburg_max_per_row":"","_monsterinsights_skip_tracking":false,"_monsterinsights_sitenote_active":false,"_monsterinsights_sitenote_note":"","_monsterinsights_sitenote_category":0,"footnotes":""},"class_list":["post-1791","page","type-page","status-publish","hentry"],"aioseo_notices":[],"_links":{"self":[{"href":"https:\/\/iavis.uv.es\/index.php\/wp-json\/wp\/v2\/pages\/1791","targetHints":{"allow":["GET"]}}],"collection":[{"href":"https:\/\/iavis.uv.es\/index.php\/wp-json\/wp\/v2\/pages"}],"about":[{"href":"https:\/\/iavis.uv.es\/index.php\/wp-json\/wp\/v2\/types\/page"}],"author":[{"embeddable":true,"href":"https:\/\/iavis.uv.es\/index.php\/wp-json\/wp\/v2\/users\/1"}],"replies":[{"embeddable":true,"href":"https:\/\/iavis.uv.es\/index.php\/wp-json\/wp\/v2\/comments?post=1791"}],"version-history":[{"count":3,"href":"https:\/\/iavis.uv.es\/index.php\/wp-json\/wp\/v2\/pages\/1791\/revisions"}],"predecessor-version":[{"id":1795,"href":"https:\/\/iavis.uv.es\/index.php\/wp-json\/wp\/v2\/pages\/1791\/revisions\/1795"}],"wp:attachment":[{"href":"https:\/\/iavis.uv.es\/index.php\/wp-json\/wp\/v2\/media?parent=1791"}],"curies":[{"name":"wp","href":"https:\/\/api.w.org\/{rel}","templated":true}]}}