{"id":1781,"date":"2025-06-20T09:42:52","date_gmt":"2025-06-20T07:42:52","guid":{"rendered":"https:\/\/iavis.uv.es\/?page_id=1781"},"modified":"2025-06-20T09:42:52","modified_gmt":"2025-06-20T07:42:52","slug":"tecnicas-ia-aplicadas-a-la-prediccion-de-plazas-libres-de-parking","status":"publish","type":"page","link":"https:\/\/iavis.uv.es\/index.php\/tecnicas-ia-aplicadas-a-la-prediccion-de-plazas-libres-de-parking\/","title":{"rendered":"T\u00e9cnicas IA aplicadas a la predicci\u00f3n de plazas libres de parking"},"content":{"rendered":"\n<p>Desde la c\u00e1tedra IAvis se ha abordado el desarrollo y aplicaci\u00f3n de t\u00e9cnicas de Inteligencia Artificial para la predicci\u00f3n de disponibilidad de plazas libres de parkings en la ciudad.<\/p>\n\n\n\n<p>Los puntos clave del trabajo desarrollado han sido los siguientes:<\/p>\n\n\n\n<ul class=\"wp-block-list\">\n<li>Utilizaci\u00f3n del hist\u00f3rico de ocupaci\u00f3n de parkings p\u00fablicos proporcionado por el Ayuntamiento de Valencia.<\/li>\n\n\n\n<li>Revisi\u00f3n y depuraci\u00f3n de los datos proporcionados: eliminaci\u00f3n de datos err\u00f3neos o periodos con datos faltantes.<\/li>\n\n\n\n<li>An\u00e1lisis de los datos mediante t\u00e9cnicas exploratorias y periodogramas.<\/li>\n\n\n\n<li>Aplicaci\u00f3n de algoritmos de aprendizaje para predecir comportamientos (utilizaci\u00f3n de t\u00e9cnicas de redes neuronales).<\/li>\n<\/ul>\n\n\n\n<p>El resultado obtenido ha sido muy satisfactorio, logrando un sistema que predice con poco margen de error las plazas que habr\u00e1n disponibles en los parkings.<\/p>\n\n\n\n<p><a href=\"https:\/\/iavis.uv.es\/wp-content\/uploads\/2025\/06\/Informe_AlgoritmosPrediccionParkings.pdf\" target=\"_blank\" rel=\"noopener\" title=\"\">Puede consultarse aqu\u00ed el informe completo.<\/a><\/p>\n\n\n\n<p><\/p>\n","protected":false},"excerpt":{"rendered":"<p>Desde la c\u00e1tedra IAvis se ha abordado el desarrollo y aplicaci\u00f3n de t\u00e9cnicas de Inteligencia Artificial para la predicci\u00f3n de disponibilidad de plazas libres de parkings en la ciudad. Los puntos clave del trabajo desarrollado han sido los siguientes: El resultado obtenido ha sido muy satisfactorio, logrando un sistema que predice con poco margen de &hellip; <\/p>\n<p class=\"link-more\"><a href=\"https:\/\/iavis.uv.es\/index.php\/tecnicas-ia-aplicadas-a-la-prediccion-de-plazas-libres-de-parking\/\" class=\"more-link\">Continuar leyendo<span class=\"screen-reader-text\"> \u00abT\u00e9cnicas IA aplicadas a la predicci\u00f3n de plazas libres de parking\u00bb<\/span><\/a><\/p>\n","protected":false},"author":1,"featured_media":0,"parent":0,"menu_order":0,"comment_status":"closed","ping_status":"closed","template":"","meta":{"sfsi_plus_gutenberg_text_before_share":"","sfsi_plus_gutenberg_show_text_before_share":"","sfsi_plus_gutenberg_icon_type":"","sfsi_plus_gutenberg_icon_alignemt":"","sfsi_plus_gutenburg_max_per_row":"","_monsterinsights_skip_tracking":false,"_monsterinsights_sitenote_active":false,"_monsterinsights_sitenote_note":"","_monsterinsights_sitenote_category":0,"footnotes":""},"class_list":["post-1781","page","type-page","status-publish","hentry"],"aioseo_notices":[],"_links":{"self":[{"href":"https:\/\/iavis.uv.es\/index.php\/wp-json\/wp\/v2\/pages\/1781","targetHints":{"allow":["GET"]}}],"collection":[{"href":"https:\/\/iavis.uv.es\/index.php\/wp-json\/wp\/v2\/pages"}],"about":[{"href":"https:\/\/iavis.uv.es\/index.php\/wp-json\/wp\/v2\/types\/page"}],"author":[{"embeddable":true,"href":"https:\/\/iavis.uv.es\/index.php\/wp-json\/wp\/v2\/users\/1"}],"replies":[{"embeddable":true,"href":"https:\/\/iavis.uv.es\/index.php\/wp-json\/wp\/v2\/comments?post=1781"}],"version-history":[{"count":2,"href":"https:\/\/iavis.uv.es\/index.php\/wp-json\/wp\/v2\/pages\/1781\/revisions"}],"predecessor-version":[{"id":1783,"href":"https:\/\/iavis.uv.es\/index.php\/wp-json\/wp\/v2\/pages\/1781\/revisions\/1783"}],"wp:attachment":[{"href":"https:\/\/iavis.uv.es\/index.php\/wp-json\/wp\/v2\/media?parent=1781"}],"curies":[{"name":"wp","href":"https:\/\/api.w.org\/{rel}","templated":true}]}}