{"id":1749,"date":"2025-06-10T17:40:16","date_gmt":"2025-06-10T15:40:16","guid":{"rendered":"https:\/\/iavis.uv.es\/?page_id=1749"},"modified":"2025-06-10T17:40:16","modified_gmt":"2025-06-10T15:40:16","slug":"concurso-de-visualizacion-2025-la-dana-causas-consecuencias-tareas-de-reconstruccion-y-prevencion","status":"publish","type":"page","link":"https:\/\/iavis.uv.es\/index.php\/concurso-de-visualizacion-2025-la-dana-causas-consecuencias-tareas-de-reconstruccion-y-prevencion\/","title":{"rendered":"Concurso de visualizaci\u00f3n 2025 :  La Dana, causas, consecuencias, tareas de reconstrucci\u00f3n y prevenci\u00f3n."},"content":{"rendered":"\n<h2 class=\"wp-block-heading\">Propuestas presentadas por los estudiantes de la ETSE-UV.<\/h2>\n\n\n\n<hr class=\"wp-block-separator has-alpha-channel-opacity\"\/>\n\n\n\n<p><strong>Grupo 1:  Sergio Taengua, Pablo Quesada, Eric Villaescusa, Natxo de la Rubia, Carlos Tato<\/strong><\/p>\n\n\n\n<p>Cartograf\u00eda y an\u00e1lisis de rutas interrumpidas por inundaciones en la Comunidad Valenciana <\/p>\n\n\n\n<p><a href=\"https:\/\/iavis.uv.es\/wp-content\/uploads\/2025\/06\/Informe_G1_2025.pdf\" target=\"_blank\" rel=\"noopener\" title=\"\">Informe<\/a> || <a href=\"https:\/\/iavis.uv.es\/wp-content\/uploads\/2025\/06\/video_G1_2025_comp.mp4\" target=\"_blank\" rel=\"noopener\" title=\"\">V\u00eddeo<\/a><\/p>\n\n\n\n<hr class=\"wp-block-separator has-alpha-channel-opacity\"\/>\n\n\n\n<p><strong>Grupo 2: Adri\u00e0 Reyes, Paula Sig\u00fcenza, Mar\u00eda Latorre, Mar\u00eda Garc\u00eda,\u00darsula Casaus<\/strong><\/p>\n\n\n\n<p>An\u00e1lisis del riesgo de futuras inundaciones similares a la DANA a lo largo de 10,100 y 500 a\u00f1os<\/p>\n\n\n\n<p><a href=\"https:\/\/iavis.uv.es\/wp-content\/uploads\/2025\/06\/Informe_G2_2025_com.pdf\" target=\"_blank\" rel=\"noopener\" title=\"\">Informe<\/a> || <a href=\"https:\/\/iavis.uv.es\/wp-content\/uploads\/2025\/06\/video_G2_2025.mp4\" target=\"_blank\" rel=\"noopener\" title=\"\">V\u00eddeo<\/a><\/p>\n\n\n\n<hr class=\"wp-block-separator has-alpha-channel-opacity\"\/>\n\n\n\n<p><strong>Grupo 3: Julia Can\u00f3s,Irene G\u00f3mez, Samantha Eugenia Morata, Valentina Elisa Medina, Sergio Mut<\/strong><\/p>\n\n\n\n<p>Factores de riesgo en infraestructuras educativas y sanitarias frene a inundaciones en la comunidad valenciana: el caso de la DANA<\/p>\n\n\n\n<p><a href=\"https:\/\/iavis.uv.es\/wp-content\/uploads\/2025\/06\/Informe_G3_2025_comp.pdf\" target=\"_blank\" rel=\"noopener\" title=\"\">Informe<\/a> || <a href=\"https:\/\/youtube.com\/watch?v=S_ghF7Fw3C4&amp;si=ZV-IYolATI37SlzC\" target=\"_blank\" rel=\"noopener\" title=\"\">V\u00eddeo<\/a> || <a href=\"https:\/\/saeumo.shinyapps.io\/proyecto_final\/\" target=\"_blank\" rel=\"noopener\" title=\"\">Web<\/a><\/p>\n\n\n\n<hr class=\"wp-block-separator has-alpha-channel-opacity\"\/>\n\n\n\n<p><strong>Grupo 4: Miguel Royo, M\u00f3nica Linde, Sheida Zolfaghari, Iker Cuadros y Carolina Mart\u00ednez<\/strong> <\/p>\n\n\n\n<p>Proyecto Visualizaci\u00f3n de datos<\/p>\n\n\n\n<p><a href=\"https:\/\/iavis.uv.es\/wp-content\/uploads\/2025\/06\/Informe_G4_2025.pdf\" target=\"_blank\" rel=\"noopener\" title=\"\">Informe<\/a> || <a href=\"https:\/\/iavis.uv.es\/wp-content\/uploads\/2025\/06\/video_G4_2025_comp.mp4\" target=\"_blank\" rel=\"noopener\" title=\"\">V\u00eddeo<\/a><\/p>\n\n\n\n<hr class=\"wp-block-separator has-alpha-channel-opacity\"\/>\n\n\n\n<p><strong>Grupo 5 : Alexandra Estela, Jenny Matamoros y Silvia Navarro <\/strong><\/p>\n\n\n\n<p>An\u00e1lisis Hidrogr\u00e1fico e Inundaciones en la Comunidad Valenciana<\/p>\n\n\n\n<p><a href=\"https:\/\/iavis.uv.es\/wp-content\/uploads\/2025\/06\/Informe_G5_2025_comp.pdf\" target=\"_blank\" rel=\"noopener\" title=\"\">Informe<\/a> || <a href=\"https:\/\/iavis.uv.es\/wp-content\/uploads\/2025\/06\/video_G5_2025_comp.mp4\" target=\"_blank\" rel=\"noopener\" title=\"\">V\u00eddeo<\/a><\/p>\n\n\n\n<hr class=\"wp-block-separator has-alpha-channel-opacity\"\/>\n\n\n\n<p><strong>Grupo 6: Marta Molina, Javier Beny, I\u00f1aki Mart\u00edn, Isaac Pazmi\u00f1o, David Puertes<\/strong><\/p>\n\n\n\n<p>An\u00e1lisis de zonas inundables en la Comunidad Valenciana<\/p>\n\n\n\n<p><br><a href=\"https:\/\/iavis.uv.es\/wp-content\/uploads\/2025\/06\/Informe_G6_2025.pdf\" target=\"_blank\" rel=\"noopener\" title=\"\">Informe<\/a> || <a href=\"https:\/\/iavis.uv.es\/wp-content\/uploads\/2025\/06\/video_G6_2025_comp.mp4\" target=\"_blank\" rel=\"noopener\" title=\"\">V\u00eddeo<\/a> ||<a href=\"https:\/\/miniproyecto-vd-2025.shinyapps.io\/miniproyecto_zonasinundables\/\" target=\"_blank\" rel=\"noopener\" title=\"\"> Web<\/a><\/p>\n\n\n\n<hr class=\"wp-block-separator has-alpha-channel-opacity\"\/>\n\n\n\n<p><strong>Grupo 7: Luc\u00eda Mart\u00ednez, Hugo Garc\u00eda, David Ricci, Guillem Garc\u00eda, H\u00e9ctor Leal<\/strong><\/p>\n\n\n\n<p>Herramienta interactiva para el c\u00e1lculo de probabilidades de inundaci\u00f3n<\/p>\n\n\n\n<p><a href=\"https:\/\/iavis.uv.es\/wp-content\/uploads\/2025\/06\/Informe_G7_2025_comp.pdf\" target=\"_blank\" rel=\"noopener\" title=\"\">Informe<\/a> || <a href=\"https:\/\/www.youtube.com\/watch?v=DxvXakJdfFM\" target=\"_blank\" rel=\"noopener\" title=\"\">V\u00eddeo<\/a> || <a href=\"https:\/\/lucia39.shinyapps.io\/mini_proyecto\/\" target=\"_blank\" rel=\"noopener\" title=\"\">Web<\/a><\/p>\n\n\n\n<hr class=\"wp-block-separator has-alpha-channel-opacity\"\/>\n\n\n\n<p><strong>Grupo 8: Mar Alemany, Laura Beltr\u00e1n, Julia Riol<\/strong><\/p>\n\n\n\n<p>Riesgo de inundaci\u00f3n en la Comunidad Valenciana<\/p>\n\n\n\n<p><a href=\"https:\/\/iavis.uv.es\/wp-content\/uploads\/2025\/06\/Informe_G8_2025_comp.pdf\" target=\"_blank\" rel=\"noopener\" title=\"\">Informe<\/a> || <a href=\"https:\/\/iavis.uv.es\/wp-content\/uploads\/2025\/06\/video_G8_2025_comp.mp4\" target=\"_blank\" rel=\"noopener\" title=\"\">V\u00eddeo<\/a> <\/p>\n\n\n\n<hr class=\"wp-block-separator has-alpha-channel-opacity\"\/>\n\n\n\n<p><strong>Grupo 9: Arnau Julio , \u00c1lvaro Zamarre\u00f1o, Lucas Alcayde, Jonatan Reyes.<\/strong><\/p>\n\n\n\n<p>Visualizaci\u00f3n Interactiva de zonas inundables<\/p>\n\n\n\n<p><a href=\"https:\/\/iavis.uv.es\/wp-content\/uploads\/2025\/06\/Informe_G9_2025.pdf\" target=\"_blank\" rel=\"noopener\" title=\"\">Informe<\/a> || <a href=\"https:\/\/iavis.uv.es\/wp-content\/uploads\/2025\/06\/video_G9_2025_com.mp4\" target=\"_blank\" rel=\"noopener\" title=\"\">V\u00eddeo<\/a><\/p>\n\n\n\n<hr class=\"wp-block-separator has-alpha-channel-opacity\"\/>\n\n\n\n<p><strong>Grupo 10: Narc\u00eds Casi\u00e1n, Jorge Garc\u00eda, Carlos Caro, Antonino Occhipinti, David Valeria<\/strong><\/p>\n\n\n\n<p>Visualizaci\u00f3n espacial de las zonas inundadas y sus efectos en infraestructuras p\u00fablicas en la Comunidad Valenciana.<\/p>\n\n\n\n<p><a href=\"https:\/\/iavis.uv.es\/wp-content\/uploads\/2025\/06\/Informe_G10_2025.pdf\" target=\"_blank\" rel=\"noopener\" title=\"\">Informe<\/a> || <a href=\"https:\/\/jorgarpo.shinyapps.io\/mini_proyecto\/\" target=\"_blank\" rel=\"noopener\" title=\"\">Web<\/a><\/p>\n\n\n\n<hr class=\"wp-block-separator has-alpha-channel-opacity\"\/>\n\n\n\n<p><strong>Grupo 11: Alexis Cavero, Carlos Mateo, Ferr\u00e1n Medina, Marcos Baudson, Roberto Mill\u00e1n<\/strong><\/p>\n\n\n\n<p>La DANA de octubre de 2024: evaluaci\u00f3n del evento y prevenci\u00f3n del riesgo de inundaci\u00f3n.<\/p>\n\n\n\n<p><a href=\"https:\/\/iavis.uv.es\/wp-content\/uploads\/2025\/06\/Informe_G11_2025_comp.pdf\" target=\"_blank\" rel=\"noopener\" title=\"\">Informe<\/a> || <a href=\"https:\/\/iavis.uv.es\/wp-content\/uploads\/2025\/06\/video_G11_2025_comp.mp4\" target=\"_blank\" rel=\"noopener\" title=\"\">V\u00eddeo<\/a><\/p>\n\n\n\n<hr class=\"wp-block-separator has-alpha-channel-opacity\"\/>\n\n\n\n<p><strong>Grupo 12: Rub\u00e9n Sierra, Alberto Dalmau, Hugo Frasquet, Pablo Pons, Maksym Myronenko<\/strong><\/p>\n\n\n\n<p>Prevenci\u00f3n de inundaciones sobre infraestructuras de la ciudad de valencia.<\/p>\n\n\n\n<p><a href=\"https:\/\/iavis.uv.es\/wp-content\/uploads\/2025\/06\/Informe_G12_2025.pdf\" target=\"_blank\" rel=\"noopener\" title=\"\">Informe<\/a> || <a href=\"https:\/\/iavis.uv.es\/wp-content\/uploads\/2025\/06\/video_G12_2025_comp.mp4\" target=\"_blank\" rel=\"noopener\" title=\"\">V\u00eddeo<\/a><\/p>\n","protected":false},"excerpt":{"rendered":"<p>Propuestas presentadas por los estudiantes de la ETSE-UV. Grupo 1: Sergio Taengua, Pablo Quesada, Eric Villaescusa, Natxo de la Rubia, Carlos Tato Cartograf\u00eda y an\u00e1lisis de rutas interrumpidas por inundaciones en la Comunidad Valenciana Informe || V\u00eddeo Grupo 2: Adri\u00e0 Reyes, Paula Sig\u00fcenza, Mar\u00eda Latorre, Mar\u00eda Garc\u00eda,\u00darsula Casaus An\u00e1lisis del riesgo de futuras inundaciones similares &hellip; <\/p>\n<p class=\"link-more\"><a href=\"https:\/\/iavis.uv.es\/index.php\/concurso-de-visualizacion-2025-la-dana-causas-consecuencias-tareas-de-reconstruccion-y-prevencion\/\" class=\"more-link\">Continuar leyendo<span class=\"screen-reader-text\"> \u00abConcurso de visualizaci\u00f3n 2025 :  La Dana, causas, consecuencias, tareas de reconstrucci\u00f3n y prevenci\u00f3n.\u00bb<\/span><\/a><\/p>\n","protected":false},"author":1,"featured_media":0,"parent":0,"menu_order":0,"comment_status":"closed","ping_status":"closed","template":"","meta":{"sfsi_plus_gutenberg_text_before_share":"","sfsi_plus_gutenberg_show_text_before_share":"","sfsi_plus_gutenberg_icon_type":"","sfsi_plus_gutenberg_icon_alignemt":"","sfsi_plus_gutenburg_max_per_row":"","_monsterinsights_skip_tracking":false,"_monsterinsights_sitenote_active":false,"_monsterinsights_sitenote_note":"","_monsterinsights_sitenote_category":0,"footnotes":""},"class_list":["post-1749","page","type-page","status-publish","hentry"],"aioseo_notices":[],"_links":{"self":[{"href":"https:\/\/iavis.uv.es\/index.php\/wp-json\/wp\/v2\/pages\/1749","targetHints":{"allow":["GET"]}}],"collection":[{"href":"https:\/\/iavis.uv.es\/index.php\/wp-json\/wp\/v2\/pages"}],"about":[{"href":"https:\/\/iavis.uv.es\/index.php\/wp-json\/wp\/v2\/types\/page"}],"author":[{"embeddable":true,"href":"https:\/\/iavis.uv.es\/index.php\/wp-json\/wp\/v2\/users\/1"}],"replies":[{"embeddable":true,"href":"https:\/\/iavis.uv.es\/index.php\/wp-json\/wp\/v2\/comments?post=1749"}],"version-history":[{"count":16,"href":"https:\/\/iavis.uv.es\/index.php\/wp-json\/wp\/v2\/pages\/1749\/revisions"}],"predecessor-version":[{"id":1777,"href":"https:\/\/iavis.uv.es\/index.php\/wp-json\/wp\/v2\/pages\/1749\/revisions\/1777"}],"wp:attachment":[{"href":"https:\/\/iavis.uv.es\/index.php\/wp-json\/wp\/v2\/media?parent=1749"}],"curies":[{"name":"wp","href":"https:\/\/api.w.org\/{rel}","templated":true}]}}