{"id":1689,"date":"2024-07-16T12:36:02","date_gmt":"2024-07-16T10:36:02","guid":{"rendered":"https:\/\/iavis.uv.es\/?page_id=1689"},"modified":"2024-07-16T12:36:02","modified_gmt":"2024-07-16T10:36:02","slug":"consumo-de-agua-en-la-ciudad-de-valencia","status":"publish","type":"page","link":"https:\/\/iavis.uv.es\/index.php\/consumo-de-agua-en-la-ciudad-de-valencia\/","title":{"rendered":"Consumo de agua en la ciudad de Valencia"},"content":{"rendered":"\n<p>El an\u00e1lisis del consumo de agua en una ciudad es un proceso multidimensional que implica la evaluaci\u00f3n de diversos factores y componentes.<\/p>\n\n\n\n<p>Los patrones de consumo de agua pueden presentar variaciones diarias, estacionales y anuales. Tambi\u00e9n se puede analizar el consumo por barrios o distritos y la cantidad de agua consumida por diferentes sectores (residencial, comercial, industrial, servicios municipales..).<\/p>\n\n\n\n<p>Conocer los patrones de uso del agua puede ayudar a mejorar la gesti\u00f3n y planificaci\u00f3n, a trav\u00e9s de implementaci\u00f3n de tecnolog\u00edas y dispositivos de ahorro en el consumo, o de campa\u00f1as de concienciaci\u00f3n que promuevan el uso responsable del agua.<\/p>\n\n\n\n<p>Este visualizador permite ver el consumo de agua en la ciudad de Valencia y su evoluci\u00f3n a lo largo del tiempo, mostrando los consumos por barrios, por tipo de consumo (industrial, municipal o dom\u00e9stico).<\/p>\n\n\n\n<p>Tambi\u00e9n permite analizar los consumos de agua relacionados con variables como poblaci\u00f3n del barrio, la densidad o la superficie del barrio. Muestra asimismo gr\u00e1ficas de consumo per c\u00e1pita, comparativas de consumo entre barrios y correlaci\u00f3n entre el consumo de agua y otras variables.<\/p>\n\n\n\n<p><a href=\"https:\/\/server1.uv.es\/AGUAS\/\" target=\"_blank\" rel=\"noopener\" title=\"\"><strong>Visor de consumos de agua en la ciudad de Valencia<\/strong><\/a><\/p>\n","protected":false},"excerpt":{"rendered":"<p>El an\u00e1lisis del consumo de agua en una ciudad es un proceso multidimensional que implica la evaluaci\u00f3n de diversos factores y componentes. Los patrones de consumo de agua pueden presentar variaciones diarias, estacionales y anuales. Tambi\u00e9n se puede analizar el consumo por barrios o distritos y la cantidad de agua consumida por diferentes sectores (residencial, &hellip; <\/p>\n<p class=\"link-more\"><a href=\"https:\/\/iavis.uv.es\/index.php\/consumo-de-agua-en-la-ciudad-de-valencia\/\" class=\"more-link\">Continuar leyendo<span class=\"screen-reader-text\"> \u00abConsumo de agua en la ciudad de Valencia\u00bb<\/span><\/a><\/p>\n","protected":false},"author":1,"featured_media":0,"parent":0,"menu_order":0,"comment_status":"closed","ping_status":"closed","template":"","meta":{"sfsi_plus_gutenberg_text_before_share":"","sfsi_plus_gutenberg_show_text_before_share":"","sfsi_plus_gutenberg_icon_type":"","sfsi_plus_gutenberg_icon_alignemt":"","sfsi_plus_gutenburg_max_per_row":"","_monsterinsights_skip_tracking":false,"_monsterinsights_sitenote_active":false,"_monsterinsights_sitenote_note":"","_monsterinsights_sitenote_category":0,"footnotes":""},"class_list":["post-1689","page","type-page","status-publish","hentry"],"aioseo_notices":[],"_links":{"self":[{"href":"https:\/\/iavis.uv.es\/index.php\/wp-json\/wp\/v2\/pages\/1689","targetHints":{"allow":["GET"]}}],"collection":[{"href":"https:\/\/iavis.uv.es\/index.php\/wp-json\/wp\/v2\/pages"}],"about":[{"href":"https:\/\/iavis.uv.es\/index.php\/wp-json\/wp\/v2\/types\/page"}],"author":[{"embeddable":true,"href":"https:\/\/iavis.uv.es\/index.php\/wp-json\/wp\/v2\/users\/1"}],"replies":[{"embeddable":true,"href":"https:\/\/iavis.uv.es\/index.php\/wp-json\/wp\/v2\/comments?post=1689"}],"version-history":[{"count":2,"href":"https:\/\/iavis.uv.es\/index.php\/wp-json\/wp\/v2\/pages\/1689\/revisions"}],"predecessor-version":[{"id":1691,"href":"https:\/\/iavis.uv.es\/index.php\/wp-json\/wp\/v2\/pages\/1689\/revisions\/1691"}],"wp:attachment":[{"href":"https:\/\/iavis.uv.es\/index.php\/wp-json\/wp\/v2\/media?parent=1689"}],"curies":[{"name":"wp","href":"https:\/\/api.w.org\/{rel}","templated":true}]}}