{"id":1620,"date":"2024-06-04T11:33:23","date_gmt":"2024-06-04T09:33:23","guid":{"rendered":"https:\/\/iavis.uv.es\/?page_id=1620"},"modified":"2024-06-04T12:08:04","modified_gmt":"2024-06-04T10:08:04","slug":"concurso-de-visualizacion-2024","status":"publish","type":"page","link":"https:\/\/iavis.uv.es\/index.php\/concurso-de-visualizacion-2024\/","title":{"rendered":"Concurso de Visualizaci\u00f3n 2024"},"content":{"rendered":"\n<h2 class=\"wp-block-heading\"><strong>Premio Visualizaci\u00f3n de Datos de la Ciudad de Valencia \u2013 2024<\/strong>: <strong>Valencia Capital Verde Europea<\/strong><\/h2>\n\n\n\n<h3 class=\"wp-block-heading\" id=\"block-92cc5f59-6008-4c57-a3c0-f28bd9d19ed0\">Propuestas presentadas por los estudiantes de la ETSE-UV.<\/h3>\n\n\n\n<hr class=\"wp-block-separator has-alpha-channel-opacity\" id=\"block-1de3331f-085f-421a-8897-0a81afcc6f79\"\/>\n\n\n\n<h4 class=\"wp-block-heading\">Grupo 1: Javier Beny, Adri\u00e1n Blat, Diego Camacho<\/h4>\n\n\n\n<p>Estudio Contaminaci\u00f3n Medio Ambiente<\/p>\n\n\n\n<p><a href=\"https:\/\/iavis.uv.es\/wp-content\/uploads\/2024\/06\/G1_InformeTecnico.pdf\" target=\"_blank\" rel=\"noopener\" title=\"\">Informe<\/a> <a href=\"https:\/\/iavis.uv.es\/wp-content\/uploads\/2024\/06\/G1_Video_comprimido.mp4\" target=\"_blank\" rel=\"noopener\" title=\"\">V\u00eddeo<\/a><\/p>\n\n\n\n<hr class=\"wp-block-separator has-alpha-channel-opacity\"\/>\n\n\n\n<h4 class=\"wp-block-heading\">Grupo 2: Mar\u00eda Castellanos, Carmen Chulvi, Mar\u00eda Cu\u00f1at, Sandra L\u00f3pez, Mireia P\u00e9rez<\/h4>\n\n\n\n<p>Factores que influyen en la contaminaci\u00f3n<\/p>\n\n\n\n<p><a href=\"https:\/\/iavis.uv.es\/wp-content\/uploads\/2024\/06\/G2_InformeTecnico.pdf\" target=\"_blank\" rel=\"noopener\" title=\"\">Informe<\/a> <a href=\"https:\/\/drive.google.com\/file\/d\/1hI98zB1h0gQwYPKA_FQEDb704Q_utlIX\/view\"> V\u00eddeo<\/a><\/p>\n\n\n\n<hr class=\"wp-block-separator has-alpha-channel-opacity\"\/>\n\n\n\n<h4 class=\"wp-block-heading\">Grupo 3: Marco Civera, Hugo Hern\u00e1ndez, Sergio Mart\u00edn, Julio Rodr\u00edguez, Jonatan Reyes<\/h4>\n\n\n\n<p>Sostenibilidad de los Distritos del Nordeste de Valencia<\/p>\n\n\n\n<p><a href=\"https:\/\/iavis.uv.es\/wp-content\/uploads\/2024\/06\/G3_InformeTecnico.pdf\" target=\"_blank\" rel=\"noopener\" title=\"\">Informe<\/a>  <a href=\"https:\/\/iavis.uv.es\/wp-content\/uploads\/2024\/06\/G3_video_comprimido.mp4\" target=\"_blank\" rel=\"noopener\" title=\"\">V\u00eddeo<\/a><\/p>\n\n\n\n<hr class=\"wp-block-separator has-alpha-channel-opacity\"\/>\n\n\n\n<h4 class=\"wp-block-heading\">Grupo 4: V\u00edctor Cardama, Eran Doni, Juan G\u00f3mez, Pablo L\u00f3pez, Daniel Macho<\/h4>\n\n\n\n<p>Contaminaci\u00f3n en Valencia, influencia de las fallas y posibles soluciones<\/p>\n\n\n\n<p><a href=\"https:\/\/iavis.uv.es\/wp-content\/uploads\/2024\/06\/G4_InformeTecnico.pdf\" target=\"_blank\" rel=\"noopener\" title=\"\">Informe<\/a> <a href=\"https:\/\/iavis.uv.es\/wp-content\/uploads\/2024\/06\/G4_Video_comprimido.mp4\" target=\"_blank\" rel=\"noopener\" title=\"\">V\u00eddeo<\/a> <a href=\"https:\/\/pablopezdom.shinyapps.io\/Shiny_miniproyecto\/\" target=\"_blank\" rel=\"noopener\" title=\"\">Web<\/a> <\/p>\n\n\n\n<hr class=\"wp-block-separator has-alpha-channel-opacity\"\/>\n\n\n\n<h4 class=\"wp-block-heading\">Grupo 5: Marta Garc\u00eda, Am\u00e0lia Guarner, Jade Justiniano, Julia Moreno, Ada Nu\u00e9valos<\/h4>\n\n\n\n<p>Rastreando la sostenibilidad: Seguimiento de los ODS mediante la visualizaci\u00f3n de datos abiertos de la ciudad de Valencia<\/p>\n\n\n\n<p><a href=\"https:\/\/iavis.uv.es\/wp-content\/uploads\/2024\/06\/G5_InformeTecnico.pdf\" target=\"_blank\" rel=\"noopener\" title=\"\">Informe<\/a>  <a href=\"https:\/\/drive.google.com\/file\/d\/1mmKDQwYRIZNmgBE-eH3_T8qThSqNGwgs\/view\" target=\"_blank\" rel=\"noopener\" title=\"\">V\u00eddeo<\/a>   <a href=\"https:\/\/adanuevalos.shinyapps.io\/ods_app\/\" target=\"_blank\" rel=\"noopener\" title=\"\">Web<\/a><\/p>\n\n\n\n<hr class=\"wp-block-separator has-alpha-channel-opacity\"\/>\n\n\n\n<h4 class=\"wp-block-heading\">Grupo 6: V\u00edctor \u00c1lvarez, Carlos Heras, V\u00edctor Piquero<\/h4>\n\n\n\n<p>Contaminaci\u00f3n en Valencia. Visualizaci\u00f3n de datos.<\/p>\n\n\n\n<p><a href=\"https:\/\/iavis.uv.es\/wp-content\/uploads\/2024\/06\/G6_InformeTecnico.pdf\" target=\"_blank\" rel=\"noopener\" title=\"\">Informe<\/a> <a href=\"https:\/\/iavis.uv.es\/wp-content\/uploads\/2024\/06\/G6_Video_comprimido.mp4\" target=\"_blank\" rel=\"noopener\" title=\"\">V\u00eddeo<\/a><\/p>\n\n\n\n<hr class=\"wp-block-separator has-alpha-channel-opacity\"\/>\n\n\n\n<h4 class=\"wp-block-heading\">Grupo 7: Jose Mar\u00eda Camarasa, Alex Llorens, Pablo Sanjuan<\/h4>\n\n\n\n<p>Miniproyecto visualizaci\u00f3n de datos<\/p>\n\n\n\n<p><a href=\"https:\/\/iavis.uv.es\/wp-content\/uploads\/2024\/06\/G7_InformeTecnico.pdf\" target=\"_blank\" rel=\"noopener\" title=\"\">Informe<\/a> <a href=\"https:\/\/iavis.uv.es\/wp-content\/uploads\/2024\/06\/G7_Video_comprimido.mp4\" target=\"_blank\" rel=\"noopener\" title=\"\">V\u00eddeo<\/a><\/p>\n\n\n\n<hr class=\"wp-block-separator has-alpha-channel-opacity\"\/>\n\n\n\n<h4 class=\"wp-block-heading\">Grupo 8: Jose Andr\u00e9s Carvajal, Jos\u00e9 Garc\u00eda, Carlos G\u00f3mez, Mario Alberto L\u00f3pez, Carmen Mora<\/h4>\n\n\n\n<p>An\u00e1lisis de la transici\u00f3n verde en Valencia<\/p>\n\n\n\n<p><a href=\"https:\/\/iavis.uv.es\/wp-content\/uploads\/2024\/06\/G8_InformeTecnico.pdf\" target=\"_blank\" rel=\"noopener\" title=\"\">Informe<\/a> <a href=\"https:\/\/youtu.be\/NL3u2AWEvkg\" target=\"_blank\" rel=\"noopener\" title=\"\">Video<\/a> <a href=\"https:\/\/carlosgmzsz.shinyapps.io\/Verde_Valencia\/\" target=\"_blank\" rel=\"noopener\" title=\"\">Web<\/a><\/p>\n\n\n\n<hr class=\"wp-block-separator has-alpha-channel-opacity\"\/>\n\n\n\n<h4 class=\"wp-block-heading\">Grupo 9: David Camarena, Claudia Garc\u00eda, Sebasti\u00e1n Gutierrez, Roger Pastor, Gonzalo S\u00e1nchez<\/h4>\n\n\n\n<p>Proyecto Visualizaci\u00f3n Valencia<\/p>\n\n\n\n<p><a href=\"https:\/\/iavis.uv.es\/wp-content\/uploads\/2024\/06\/G9_InformeTecnico.pdf\" target=\"_blank\" rel=\"noopener\" title=\"\">Informe<\/a> <a href=\"https:\/\/iavis.uv.es\/wp-content\/uploads\/2024\/06\/G9_Video_comprimido.mp4\" target=\"_blank\" rel=\"noopener\" title=\"\">V\u00eddeo<\/a><\/p>\n\n\n\n<hr class=\"wp-block-separator has-alpha-channel-opacity\"\/>\n\n\n\n<h4 class=\"wp-block-heading\">Grupo 10: David Pedroza, Rub\u00e9n Pe\u00f1a, Joel Vicente<\/h4>\n\n\n\n<p>El impacto del tr\u00e1fico en la calidad del aire en Valencia<\/p>\n\n\n\n<p><a href=\"https:\/\/iavis.uv.es\/wp-content\/uploads\/2024\/06\/G10_InformeTecnico.pdf\" target=\"_blank\" rel=\"noopener\" title=\"\">Informe<\/a> <a href=\"https:\/\/iavis.uv.es\/wp-content\/uploads\/2024\/06\/G10_Video_comprimido.mp4\" target=\"_blank\" rel=\"noopener\" title=\"\">V\u00eddeo<\/a><\/p>\n\n\n\n<hr class=\"wp-block-separator has-alpha-channel-opacity\"\/>\n\n\n\n<h4 class=\"wp-block-heading\">Grupo 11: Yoana Boyanova, Israel Carbonell, Joyce Kemeni, Ra\u00fal Rodr\u00edguez, Feiyi Yu<\/h4>\n\n\n\n<p>Estudio de la calidad del aire &#8211; Valencia<\/p>\n\n\n\n<p><a href=\"https:\/\/iavis.uv.es\/wp-content\/uploads\/2024\/06\/G11_InformeTecnico.pdf\" target=\"_blank\" rel=\"noopener\" title=\"\">Informe<\/a> <a href=\"https:\/\/www.youtube.com\/watch?v=pmmbHVnIXwU\" target=\"_blank\" rel=\"noopener\" title=\"\">V\u00eddeo<\/a> <\/p>\n\n\n\n<hr class=\"wp-block-separator has-alpha-channel-opacity\"\/>\n\n\n\n<h4 class=\"wp-block-heading\">Grupo 12: Hugo Lucas, Joan Olaso, Joan Rodr\u00edguez, Marcos Tudela<\/h4>\n\n\n\n<p>Ciclismo y sostenibilidad urbana<\/p>\n\n\n\n<p><a href=\"https:\/\/iavis.uv.es\/wp-content\/uploads\/2024\/06\/G12_InformeTecnico.pdf\" target=\"_blank\" rel=\"noopener\" title=\"\">Informe<\/a> <a href=\"https:\/\/iavis.uv.es\/wp-content\/uploads\/2024\/06\/G12_Video_comprimido.mp4\" target=\"_blank\" rel=\"noopener\" title=\"\">V\u00eddeo<\/a><\/p>\n","protected":false},"excerpt":{"rendered":"<p>Premio Visualizaci\u00f3n de Datos de la Ciudad de Valencia \u2013 2024: Valencia Capital Verde Europea Propuestas presentadas por los estudiantes de la ETSE-UV. Grupo 1: Javier Beny, Adri\u00e1n Blat, Diego Camacho Estudio Contaminaci\u00f3n Medio Ambiente Informe V\u00eddeo Grupo 2: Mar\u00eda Castellanos, Carmen Chulvi, Mar\u00eda Cu\u00f1at, Sandra L\u00f3pez, Mireia P\u00e9rez Factores que influyen en la contaminaci\u00f3n &hellip; <\/p>\n<p class=\"link-more\"><a href=\"https:\/\/iavis.uv.es\/index.php\/concurso-de-visualizacion-2024\/\" class=\"more-link\">Continuar leyendo<span class=\"screen-reader-text\"> \u00abConcurso de Visualizaci\u00f3n 2024\u00bb<\/span><\/a><\/p>\n","protected":false},"author":1,"featured_media":0,"parent":0,"menu_order":0,"comment_status":"closed","ping_status":"closed","template":"","meta":{"sfsi_plus_gutenberg_text_before_share":"","sfsi_plus_gutenberg_show_text_before_share":"","sfsi_plus_gutenberg_icon_type":"","sfsi_plus_gutenberg_icon_alignemt":"","sfsi_plus_gutenburg_max_per_row":"","_monsterinsights_skip_tracking":false,"_monsterinsights_sitenote_active":false,"_monsterinsights_sitenote_note":"","_monsterinsights_sitenote_category":0,"footnotes":""},"class_list":["post-1620","page","type-page","status-publish","hentry"],"aioseo_notices":[],"_links":{"self":[{"href":"https:\/\/iavis.uv.es\/index.php\/wp-json\/wp\/v2\/pages\/1620","targetHints":{"allow":["GET"]}}],"collection":[{"href":"https:\/\/iavis.uv.es\/index.php\/wp-json\/wp\/v2\/pages"}],"about":[{"href":"https:\/\/iavis.uv.es\/index.php\/wp-json\/wp\/v2\/types\/page"}],"author":[{"embeddable":true,"href":"https:\/\/iavis.uv.es\/index.php\/wp-json\/wp\/v2\/users\/1"}],"replies":[{"embeddable":true,"href":"https:\/\/iavis.uv.es\/index.php\/wp-json\/wp\/v2\/comments?post=1620"}],"version-history":[{"count":23,"href":"https:\/\/iavis.uv.es\/index.php\/wp-json\/wp\/v2\/pages\/1620\/revisions"}],"predecessor-version":[{"id":1668,"href":"https:\/\/iavis.uv.es\/index.php\/wp-json\/wp\/v2\/pages\/1620\/revisions\/1668"}],"wp:attachment":[{"href":"https:\/\/iavis.uv.es\/index.php\/wp-json\/wp\/v2\/media?parent=1620"}],"curies":[{"name":"wp","href":"https:\/\/api.w.org\/{rel}","templated":true}]}}