{"id":1537,"date":"2023-11-10T13:04:51","date_gmt":"2023-11-10T12:04:51","guid":{"rendered":"https:\/\/iavis.uv.es\/?page_id=1537"},"modified":"2023-11-10T13:05:24","modified_gmt":"2023-11-10T12:05:24","slug":"visor-del-buzon-de-quejas-y-sugerencias","status":"publish","type":"page","link":"https:\/\/iavis.uv.es\/index.php\/visor-del-buzon-de-quejas-y-sugerencias\/","title":{"rendered":"Visor del Buz\u00f3n de Quejas y Sugerencias"},"content":{"rendered":"\n<p>El Ayuntamiento de Valencia ofrece, dentro del <strong><a href=\"https:\/\/valencia.opendatasoft.com\/\" target=\"_blank\" rel=\"noreferrer noopener\">portal de datos abiertos<\/a><\/strong> los datos recibidos a trav\u00e9s del <a href=\"https:\/\/www.valencia.es\/cas\/atencion-ciudadana\" target=\"_blank\" rel=\"noopener\" title=\"\">portal de sugerencias, quejas y reclamaciones<\/a> donde se atienden las aportaciones relacionados con los servicios p\u00fablicos prestados por el ayuntamiento.<\/p>\n\n\n\n<p>Dicha informaci\u00f3n est\u00e1 accesible y disponible para la ciudadan\u00eda. A partir de los datos publicados se ha realizado un visor web que permite ver estad\u00edsticas, clasificaciones y visualizaci\u00f3n espacial de las misma.<\/p>\n\n\n\n<p><a href=\"https:\/\/server1.uv.es\/BuzonQuejas\" target=\"_blank\" rel=\"noopener\" title=\"\">Acceder al visor del Buz\u00f3n de Quejas y Sugerencias<\/a><\/p>\n\n\n\n<p><\/p>\n","protected":false},"excerpt":{"rendered":"<p>El Ayuntamiento de Valencia ofrece, dentro del portal de datos abiertos los datos recibidos a trav\u00e9s del portal de sugerencias, quejas y reclamaciones donde se atienden las aportaciones relacionados con los servicios p\u00fablicos prestados por el ayuntamiento. Dicha informaci\u00f3n est\u00e1 accesible y disponible para la ciudadan\u00eda. A partir de los datos publicados se ha realizado &hellip; <\/p>\n<p class=\"link-more\"><a href=\"https:\/\/iavis.uv.es\/index.php\/visor-del-buzon-de-quejas-y-sugerencias\/\" class=\"more-link\">Continuar leyendo<span class=\"screen-reader-text\"> \u00abVisor del Buz\u00f3n de Quejas y Sugerencias\u00bb<\/span><\/a><\/p>\n","protected":false},"author":1,"featured_media":0,"parent":0,"menu_order":0,"comment_status":"closed","ping_status":"closed","template":"","meta":{"sfsi_plus_gutenberg_text_before_share":"","sfsi_plus_gutenberg_show_text_before_share":"","sfsi_plus_gutenberg_icon_type":"","sfsi_plus_gutenberg_icon_alignemt":"","sfsi_plus_gutenburg_max_per_row":"","_monsterinsights_skip_tracking":false,"_monsterinsights_sitenote_active":false,"_monsterinsights_sitenote_note":"","_monsterinsights_sitenote_category":0,"footnotes":""},"class_list":["post-1537","page","type-page","status-publish","hentry"],"aioseo_notices":[],"_links":{"self":[{"href":"https:\/\/iavis.uv.es\/index.php\/wp-json\/wp\/v2\/pages\/1537","targetHints":{"allow":["GET"]}}],"collection":[{"href":"https:\/\/iavis.uv.es\/index.php\/wp-json\/wp\/v2\/pages"}],"about":[{"href":"https:\/\/iavis.uv.es\/index.php\/wp-json\/wp\/v2\/types\/page"}],"author":[{"embeddable":true,"href":"https:\/\/iavis.uv.es\/index.php\/wp-json\/wp\/v2\/users\/1"}],"replies":[{"embeddable":true,"href":"https:\/\/iavis.uv.es\/index.php\/wp-json\/wp\/v2\/comments?post=1537"}],"version-history":[{"count":3,"href":"https:\/\/iavis.uv.es\/index.php\/wp-json\/wp\/v2\/pages\/1537\/revisions"}],"predecessor-version":[{"id":1540,"href":"https:\/\/iavis.uv.es\/index.php\/wp-json\/wp\/v2\/pages\/1537\/revisions\/1540"}],"wp:attachment":[{"href":"https:\/\/iavis.uv.es\/index.php\/wp-json\/wp\/v2\/media?parent=1537"}],"curies":[{"name":"wp","href":"https:\/\/api.w.org\/{rel}","templated":true}]}}