{"id":1224,"date":"2023-06-16T12:40:33","date_gmt":"2023-06-16T10:40:33","guid":{"rendered":"https:\/\/iavis.uv.es\/?page_id=1224"},"modified":"2023-11-07T13:44:12","modified_gmt":"2023-11-07T12:44:12","slug":"concurso-de-visualizacion","status":"publish","type":"page","link":"https:\/\/iavis.uv.es\/index.php\/concurso-de-visualizacion\/","title":{"rendered":"Concurso de Visualizaci\u00f3n"},"content":{"rendered":"\n<style>\nbody {\n    text-align: justify;\n}\nbody {\n    margin: 0;\n    font-family: -apple-system,BlinkMacSystemFont,\"Segoe UI\",Roboto,\"Helvetica Neue\",Arial,sans-serif,\"Apple Color Emoji\",\"Segoe UI Emoji\",\"Segoe UI Symbol\";\n    font-size: 1rem;\n    font-weight: 400;\n    line-height: 1.5;    color: #212529;\n    text-align: left;\n    background-color: #fff;\n}\n:root {\n    --blue: #007bff;\n    --indigo: #6610f2;\n    --purple: #6f42c1;\n    --pink: #e83e8c;\n    --red: #dc3545;\n    --orange: #fd7e14;\n    --yellow: #ffc107;\n    --green: #28a745;\n    --teal: #20c997;\n    --cyan: #17a2b8;\n    --white: #fff;\n    --gray: #6c757d;\n    --gray-dark: #343a40;\n    --primary: #007bff;\n    --secondary: #6c757d;\n    --success: #28a745;\n    --info: #17a2b8;\n    --warning: #ffc107;\n    --danger: #dc3545;\n    --light: #f8f9fa;\n    --dark: #343a40;\n    --breakpoint-xs: 0;\n    --breakpoint-sm: 576px;\n    --breakpoint-md: 768px;\n    --breakpoint-lg: 992px;\n    --breakpoint-xl: 1200px;\n    --font-family-sans-serif: -apple-system,BlinkMacSystemFont,\"Segoe UI\",Roboto,\"Helvetica Neue\",Arial,sans-serif,\"Apple Color Emoji\",\"Segoe UI Emoji\",\"Segoe UI Symbol\";\n    --font-family-monospace: SFMono-Regular,Menlo,Monaco,Consolas,\"Liberation Mono\",\"Courier New\",monospace;\n}\nhtml {\n    font-family: sans-serif;\n    line-height: 1.15;\n    -webkit-text-size-adjust: 100%;\n    -ms-text-size-adjust: 100%;\n    -ms-overflow-style: scrollbar;\n    -webkit-tap-highlight-color: transparent;\n}\n\n.text-center {\n    text-align: center!important;\n}\n\n.h3, .h4, .h5, .h6, h3, h4, h5, h6 {\n    margin-bottom: .5rem;\n    font-family: inherit;\n    font-weight: 500;\n    line-height: 1.2;\n    color: inherit;\n}\nh3, h4, h5, h6 {\n    margin-top: 0;\n    margin-bottom: .5rem;\n}\n\n\nhr{\nheight:1px; !important\n}\n\np {\n    margin-top: 0;\n    margin-bottom: 1rem;\n    display: block;\n    margin-block-start: 1em;\n    margin-block-end: 1em;\n    margin-inline-start: 0px;\n    margin-inline-end: 0px;\n    color:#5C5F69;\n}\n\nh2{\ncolor:#b61828;\n}\n\na.hover-link:hover {\n  color: #b61828;\n}\n\n\n<\/style>\n\n\n\n<h2 class=\"text-center\" style=\"margin-bottom:0px\"><b>Premio Visualizaci\u00f3n de Datos de la Ciudad de Valencia \u2013 2023<\/b><\/h2><h4 class=\"text-center\" style=\"padding-top:0px\">Propuestas presentadas  por los estudiantes de la ETSE-UV.<\/h4>\n\n\n\n<br><br>\n<div>\n<h2>VLC Tr\u00e0nsitAire<\/h2>\n<p>Herramienta para visualizar la relaci\u00f3n entre el tr\u00e1fico y la calidad del aire en Valencia<\/p>\n<div>\n<b style=\"margin-right:10px\"><a href=\"https:\/\/iavis.uv.es\/wp-content\/uploads\/ConcursoVisualizacion23\/MemoriaVLCTransitAire.pdf\" class=\"hover-link\">Informe t\u00e9cnico<\/a><\/b> \n<b style=\"margin-right:10px\"><a href=\"https:\/\/drive.google.com\/file\/d\/1qZiArA-_0vHvIBPX7XE8Qk5oXcgFuXRc\/view\" class=\"hover-link\">V\u00eddeo<\/a><\/b>\n<b><a href=\"https:\/\/server1.uv.es\/TransitAire\/\" class=\"hover-link\">Web<\/a><\/b>     \n<\/div>\n<hr><\/div>\n\n\n\n<br><br>\n<div>\n<h2>ValenciaVisi\u00f3n Sostenible<\/h2>\n<p>Visualizaci\u00f3n de datos abiertos para el seguimiento de los Objetivos de Desarrollo Sostenible<\/p>\n<\/div>\n<div>\n<b style=\"margin-right:10px\"><a href=\"https:\/\/iavis.uv.es\/wp-content\/uploads\/ConcursoVisualizacion23\/ValenciaVisi\u00f3n\/Memoria.pdf\" class=\"hover-link\">Informe t\u00e9cnico<\/a><\/b> \n<b><a href=\"https:\/\/www.youtube.com\/watch?v=VvupO0Qs1pk\" class=\"hover-link\"> V\u00eddeo<\/a><\/b>\n<b><a href=\"https:\/\/server1.uv.es\/GanadorVisionSostenible\/\" class=\"hover-link\"> Web<\/a> <\/b>\n<\/div>\n<hr>\n\n\n\n<br><br>\n<div>\n<h2>Green-Data<\/h2>\n<p>Miniproyecto de visualizaci\u00f3n de datos de la ciudad de Valencia<\/p>\n<\/div>\n<div>\n<b style=\"margin-right:10px\"><a href=\"https:\/\/iavis.uv.es\/wp-content\/uploads\/ConcursoVisualizacion23\/GreenData\/memoria.pdf\" class=\"hover-link\">Informe t\u00e9cnico<\/a><\/b> \n<b><a href=\"https:\/\/iavis.uv.es\/wp-content\/uploads\/ConcursoVisualizacion23\/GreenData\/video.mp4\" class=\"hover-link\"> V\u00eddeo<\/a><\/b>\n<\/div>\n<hr>\n\n\n\n<br><br>\n<div>\n<h2>DataVisMasters <\/h2>\n<p>Proyecto Visualizacion de Datos<\/p>\n<\/div>\n<div>\n<b style=\"margin-right:10px\"><a href=\"https:\/\/iavis.uv.es\/wp-content\/uploads\/ConcursoVisualizacion23\/DataVisMasters\/Memoria.pdf\" class=\"hover-link\">Informe t\u00e9cnico<\/a><\/b> \n<b><a href=\"https:\/\/iavis.uv.es\/wp-content\/uploads\/ConcursoVisualizacion23\/DataVisMasters\/Contaminaci\u00f3n Alerta Mundial.mp4\" class=\"hover-link\"> V\u00eddeo<\/a><\/b>\n<\/div>\n<hr>\n\n\n\n<br><br>\n<div>\n<h2>Grupo8<\/h2>\n<p>Miniproyecto \u2013 Visualizaci\u00f3n de datos<\/p>\n<\/div>\n<b style=\"margin-right:10px\"><a href=\"https:\/\/iavis.uv.es\/wp-content\/uploads\/ConcursoVisualizacion23\/Grupo8\/memoria_miniproyecto.pdf\" class=\"hover-link\">Informe t\u00e9cnico<\/a><\/b> \n<b><a href=\"https:\/\/www.youtube.com\/watch?v=2K6plUlmcE0\" class=\"hover-link\"> V\u00eddeo<\/a><\/b>\n<div>\n\n<\/div>\n\n<hr>\n\n\n\n<br><br>\n<div>\n<h2>Sharkys<\/h2>\n<p>DESARROLLO SOSTENIBLE VALENCIA<\/p>\n<\/div>\n<div>\n<b style=\"margin-right:10px\"><a href=\"https:\/\/iavis.uv.es\/wp-content\/uploads\/ConcursoVisualizacion23\/Sharkys\/MEMORIA MINI PRO.pdf\" class=\"hover-link\">Informe t\u00e9cnico<\/a><\/b> \n<b><a href=\"https:\/\/iavis.uv.es\/wp-content\/uploads\/ConcursoVisualizacion23\/Sharkys\/video.mkv\" class=\"hover-link\">      V\u00eddeo<\/a><\/b>\n<\/div>\n<hr>\n","protected":false},"excerpt":{"rendered":"<p>Premio Visualizaci\u00f3n de Datos de la Ciudad de Valencia \u2013 2023 Propuestas presentadas por los estudiantes de la ETSE-UV. VLC Tr\u00e0nsitAire Herramienta para visualizar la relaci\u00f3n entre el tr\u00e1fico y la calidad del aire en Valencia Informe t\u00e9cnico V\u00eddeo Web ValenciaVisi\u00f3n Sostenible Visualizaci\u00f3n de datos abiertos para el seguimiento de los Objetivos de Desarrollo Sostenible &hellip; <\/p>\n<p class=\"link-more\"><a href=\"https:\/\/iavis.uv.es\/index.php\/concurso-de-visualizacion\/\" class=\"more-link\">Continuar leyendo<span class=\"screen-reader-text\"> \u00abConcurso de Visualizaci\u00f3n\u00bb<\/span><\/a><\/p>\n","protected":false},"author":21,"featured_media":0,"parent":0,"menu_order":0,"comment_status":"closed","ping_status":"closed","template":"","meta":{"sfsi_plus_gutenberg_text_before_share":"","sfsi_plus_gutenberg_show_text_before_share":"","sfsi_plus_gutenberg_icon_type":"","sfsi_plus_gutenberg_icon_alignemt":"","sfsi_plus_gutenburg_max_per_row":"","_monsterinsights_skip_tracking":false,"_monsterinsights_sitenote_active":false,"_monsterinsights_sitenote_note":"","_monsterinsights_sitenote_category":0,"footnotes":""},"class_list":["post-1224","page","type-page","status-publish","hentry"],"aioseo_notices":[],"_links":{"self":[{"href":"https:\/\/iavis.uv.es\/index.php\/wp-json\/wp\/v2\/pages\/1224","targetHints":{"allow":["GET"]}}],"collection":[{"href":"https:\/\/iavis.uv.es\/index.php\/wp-json\/wp\/v2\/pages"}],"about":[{"href":"https:\/\/iavis.uv.es\/index.php\/wp-json\/wp\/v2\/types\/page"}],"author":[{"embeddable":true,"href":"https:\/\/iavis.uv.es\/index.php\/wp-json\/wp\/v2\/users\/21"}],"replies":[{"embeddable":true,"href":"https:\/\/iavis.uv.es\/index.php\/wp-json\/wp\/v2\/comments?post=1224"}],"version-history":[{"count":134,"href":"https:\/\/iavis.uv.es\/index.php\/wp-json\/wp\/v2\/pages\/1224\/revisions"}],"predecessor-version":[{"id":1530,"href":"https:\/\/iavis.uv.es\/index.php\/wp-json\/wp\/v2\/pages\/1224\/revisions\/1530"}],"wp:attachment":[{"href":"https:\/\/iavis.uv.es\/index.php\/wp-json\/wp\/v2\/media?parent=1224"}],"curies":[{"name":"wp","href":"https:\/\/api.w.org\/{rel}","templated":true}]}}